{"id":58,"date":"2022-01-23T09:34:23","date_gmt":"2022-01-23T06:34:23","guid":{"rendered":"http:\/\/insafepro.com\/?page_id=58"},"modified":"2022-03-22T15:11:37","modified_gmt":"2022-03-22T12:11:37","slug":"iletisim","status":"publish","type":"page","link":"https:\/\/insafepro.com\/index.php\/iletisim\/","title":{"rendered":"ileti\u015fim"},"content":{"rendered":"\t\t<div data-elementor-type=\"wp-page\" data-elementor-id=\"58\" class=\"elementor elementor-58\">\n\t\t\t\t\t\t<section class=\"elementor-section elementor-top-section elementor-element elementor-element-d6ad784 elementor-section-boxed elementor-section-height-default elementor-section-height-default\" data-id=\"d6ad784\" data-element_type=\"section\" data-e-type=\"section\">\n\t\t\t\t\t\t<div class=\"elementor-container elementor-column-gap-default\">\n\t\t\t\t\t<div class=\"elementor-column elementor-col-100 elementor-top-column elementor-element elementor-element-7d079a2\" data-id=\"7d079a2\" data-element_type=\"column\" data-e-type=\"column\">\n\t\t\t<div class=\"elementor-widget-wrap elementor-element-populated\">\n\t\t\t\t\t\t<div class=\"elementor-element elementor-element-ab25609 elementor-widget elementor-widget-text-editor\" data-id=\"ab25609\" data-element_type=\"widget\" data-e-type=\"widget\" data-widget_type=\"text-editor.default\">\n\t\t\t\t<div class=\"elementor-widget-container\">\n\t\t\t\t\t\t\t\t\t<p>Adres : Alaaddinbey, Orca \u0130\u015f Merkezi, 616. Sk. No:9\/A, 16120 Nil\u00fcfer\/Bursa<br \/>Cep Tel: (0549) 225 45 65\u00a0<br \/><a href=\"https:\/\/www.google.com\/search?sxsrf=AOaemvJYYL9vM1u13m13K0uSQWhWfRMNtQ:1642947846554&amp;q=insafepro+telefon&amp;ludocid=10629410036605806826&amp;sa=X&amp;ved=2ahUKEwj-1pzWicj1AhVeQ_EDHUmlAL0Q6BN6BAg4EAI\">Telefon<\/a>\u00a01:\u00a0<a href=\"https:\/\/www.google.com\/search?gs_ssp=eJzj4tVP1zc0TEnLSi4xzbA0YLRSNagwNElONDQ0MbG0NE80T0mytDKosDS2MDYxMEw2T0pJNrNITfTizMwrTkxLLSjKBwBPmxLq&amp;q=insafepro&amp;oq=&amp;aqs=chrome.3.35i39i362l3j46i39i175i199i362j35i39i362l4.472094j0j7&amp;sourceid=chrome&amp;ie=UTF-8#\">(0224) 441 44 94<\/a><br \/><a style=\"background-color: #ffffff;\" href=\"https:\/\/www.google.com\/search?sxsrf=AOaemvJYYL9vM1u13m13K0uSQWhWfRMNtQ:1642947846554&amp;q=insafepro+telefon&amp;ludocid=10629410036605806826&amp;sa=X&amp;ved=2ahUKEwj-1pzWicj1AhVeQ_EDHUmlAL0Q6BN6BAg4EAI\">Telefon<\/a>\u00a02:\u00a0<a style=\"background-color: #ffffff;\" href=\"https:\/\/www.google.com\/search?gs_ssp=eJzj4tVP1zc0TEnLSi4xzbA0YLRSNagwNElONDQ0MbG0NE80T0mytDKosDS2MDYxMEw2T0pJNrNITfTizMwrTkxLLSjKBwBPmxLq&amp;q=insafepro&amp;oq=&amp;aqs=chrome.3.35i39i362l3j46i39i175i199i362j35i39i362l4.472094j0j7&amp;sourceid=chrome&amp;ie=UTF-8#\">(0224) 443 22\u00a0<\/a>62<br \/>Mail: bilgi@insafepro.com<\/p>\t\t\t\t\t\t\t\t<\/div>\n\t\t\t\t<\/div>\n\t\t\t\t\t<\/div>\n\t\t<\/div>\n\t\t\t\t\t<\/div>\n\t\t<\/section>\n\t\t\t\t<section class=\"elementor-section elementor-top-section elementor-element elementor-element-548f5b8 elementor-section-boxed elementor-section-height-default elementor-section-height-default\" data-id=\"548f5b8\" data-element_type=\"section\" data-e-type=\"section\">\n\t\t\t\t\t\t<div class=\"elementor-container elementor-column-gap-default\">\n\t\t\t\t\t<div class=\"elementor-column elementor-col-100 elementor-top-column elementor-element elementor-element-da3b942\" data-id=\"da3b942\" data-element_type=\"column\" data-e-type=\"column\">\n\t\t\t<div class=\"elementor-widget-wrap elementor-element-populated\">\n\t\t\t\t\t\t<div class=\"elementor-element elementor-element-0375b86 elementor-widget elementor-widget-html\" data-id=\"0375b86\" data-element_type=\"widget\" data-e-type=\"widget\" data-widget_type=\"html.default\">\n\t\t\t\t<div class=\"elementor-widget-container\">\n\t\t\t\t\t\n<div class=\"wpcf7 no-js\" id=\"wpcf7-f427-o1\" lang=\"tr-TR\" dir=\"ltr\">\n<div class=\"screen-reader-response\"><p role=\"status\" aria-live=\"polite\" aria-atomic=\"true\"><\/p> <ul><\/ul><\/div>\n<form action=\"\/index.php\/wp-json\/wp\/v2\/pages\/58#wpcf7-f427-o1\" method=\"post\" class=\"wpcf7-form init\" aria-label=\"Contact form\" novalidate=\"novalidate\" data-status=\"init\">\n<div style=\"display: none;\">\n<input type=\"hidden\" name=\"_wpcf7\" value=\"427\" \/>\n<input type=\"hidden\" name=\"_wpcf7_version\" value=\"5.7.4\" \/>\n<input type=\"hidden\" name=\"_wpcf7_locale\" value=\"tr_TR\" \/>\n<input type=\"hidden\" name=\"_wpcf7_unit_tag\" value=\"wpcf7-f427-o1\" \/>\n<input type=\"hidden\" name=\"_wpcf7_container_post\" value=\"0\" \/>\n<input type=\"hidden\" name=\"_wpcf7_posted_data_hash\" value=\"\" \/>\n<input type=\"hidden\" name=\"_wpcf7_recaptcha_response\" value=\"\" \/>\n<\/div>\n<p><label> Ad\u0131n\u0131z<br \/>\n<span class=\"wpcf7-form-control-wrap\" data-name=\"your-name\"><input size=\"40\" class=\"wpcf7-form-control wpcf7-text wpcf7-validates-as-required\" aria-required=\"true\" aria-invalid=\"false\" value=\"\" type=\"text\" name=\"your-name\" \/><\/span> <\/label>\n<\/p>\n<p><label>Telefon<br \/>\n<span class=\"wpcf7-form-control-wrap\" data-name=\"tel-181\"><input size=\"40\" class=\"wpcf7-form-control wpcf7-text wpcf7-tel wpcf7-validates-as-required wpcf7-validates-as-tel\" aria-required=\"true\" aria-invalid=\"false\" value=\"\" type=\"tel\" name=\"tel-181\" \/><\/span> <\/label>\n<\/p>\n<p><label> E-posta adresiniz<br \/>\n<span class=\"wpcf7-form-control-wrap\" data-name=\"your-email\"><input size=\"40\" class=\"wpcf7-form-control wpcf7-text wpcf7-email wpcf7-validates-as-required wpcf7-validates-as-email\" aria-required=\"true\" aria-invalid=\"false\" value=\"\" type=\"email\" name=\"your-email\" \/><\/span> <\/label>\n<\/p>\n<p><label> Konu<br \/>\n<span class=\"wpcf7-form-control-wrap\" data-name=\"your-subject\"><input size=\"40\" class=\"wpcf7-form-control wpcf7-text wpcf7-validates-as-required\" aria-required=\"true\" aria-invalid=\"false\" value=\"\" type=\"text\" name=\"your-subject\" \/><\/span> <\/label>\n<\/p>\n<p><label> \u0130letiniz (tercihe ba\u011fl\u0131)<br \/>\n<span class=\"wpcf7-form-control-wrap\" data-name=\"your-message\"><textarea cols=\"40\" rows=\"10\" class=\"wpcf7-form-control wpcf7-textarea\" aria-invalid=\"false\" name=\"your-message\"><\/textarea><\/span> <\/label>\n<\/p>\n<p><input class=\"wpcf7-form-control has-spinner wpcf7-submit\" type=\"submit\" value=\"G\u00f6nder\" \/>\n<\/p><div class=\"wpcf7-response-output\" aria-hidden=\"true\"><\/div>\n<\/form>\n<\/div>\n\t\t\t\t<\/div>\n\t\t\t\t<\/div>\n\t\t\t\t\t<\/div>\n\t\t<\/div>\n\t\t\t\t\t<\/div>\n\t\t<\/section>\n\t\t\t\t<section class=\"elementor-section elementor-top-section elementor-element elementor-element-b8a7826 elementor-section-boxed elementor-section-height-default elementor-section-height-default\" data-id=\"b8a7826\" data-element_type=\"section\" data-e-type=\"section\">\n\t\t\t\t\t\t<div class=\"elementor-container elementor-column-gap-default\">\n\t\t\t\t\t<div class=\"elementor-column elementor-col-100 elementor-top-column elementor-element elementor-element-8e59c3d\" data-id=\"8e59c3d\" data-element_type=\"column\" data-e-type=\"column\">\n\t\t\t<div class=\"elementor-widget-wrap elementor-element-populated\">\n\t\t\t\t\t\t<div class=\"elementor-element elementor-element-4fc7bf0 elementor-widget elementor-widget-google_maps\" data-id=\"4fc7bf0\" data-element_type=\"widget\" data-e-type=\"widget\" data-widget_type=\"google_maps.default\">\n\t\t\t\t<div class=\"elementor-widget-container\">\n\t\t\t\t\t\t\t<div class=\"elementor-custom-embed\">\n\t\t\t<iframe loading=\"lazy\"\n\t\t\t\t\tsrc=\"https:\/\/maps.google.com\/maps?q=Alaaddinbey%2C%20Orca%20%C4%B0%C5%9F%20Merkezi%2C%20616.%20Sk.%20No%3A9%2FA%2C%2016120%20Nil%C3%BCfer%2FBursa&#038;t=m&#038;z=14&#038;output=embed&#038;iwloc=near\"\n\t\t\t\t\ttitle=\"Alaaddinbey, Orca \u0130\u015f Merkezi, 616. Sk. No:9\/A, 16120 Nil\u00fcfer\/Bursa\"\n\t\t\t\t\taria-label=\"Alaaddinbey, Orca \u0130\u015f Merkezi, 616. Sk. No:9\/A, 16120 Nil\u00fcfer\/Bursa\"\n\t\t\t><\/iframe>\n\t\t<\/div>\n\t\t\t\t\t\t<\/div>\n\t\t\t\t<\/div>\n\t\t\t\t\t<\/div>\n\t\t<\/div>\n\t\t\t\t\t<\/div>\n\t\t<\/section>\n\t\t\t\t<\/div>\n\t\t","protected":false},"excerpt":{"rendered":"<p>Adres : Alaaddinbey, Orca \u0130\u015f Merkezi, 616. Sk. No:9\/A, 16120 Nil\u00fcfer\/BursaCep Tel: (0549) 225 45 65\u00a0Telefon\u00a01:\u00a0(0224) 441 44 94Telefon\u00a02:\u00a0(0224) 443 22\u00a062Mail: bilgi@insafepro.com<\/p>\n","protected":false},"author":1,"featured_media":0,"parent":0,"menu_order":6,"comment_status":"closed","ping_status":"closed","template":"","meta":{"_joinchat":[],"footnotes":"","_links_to":"","_links_to_target":""},"class_list":["post-58","page","type-page","status-publish","hentry"],"_links":{"self":[{"href":"https:\/\/insafepro.com\/index.php\/wp-json\/wp\/v2\/pages\/58","targetHints":{"allow":["GET"]}}],"collection":[{"href":"https:\/\/insafepro.com\/index.php\/wp-json\/wp\/v2\/pages"}],"about":[{"href":"https:\/\/insafepro.com\/index.php\/wp-json\/wp\/v2\/types\/page"}],"author":[{"embeddable":true,"href":"https:\/\/insafepro.com\/index.php\/wp-json\/wp\/v2\/users\/1"}],"replies":[{"embeddable":true,"href":"https:\/\/insafepro.com\/index.php\/wp-json\/wp\/v2\/comments?post=58"}],"version-history":[{"count":0,"href":"https:\/\/insafepro.com\/index.php\/wp-json\/wp\/v2\/pages\/58\/revisions"}],"wp:attachment":[{"href":"https:\/\/insafepro.com\/index.php\/wp-json\/wp\/v2\/media?parent=58"}],"curies":[{"name":"wp","href":"https:\/\/api.w.org\/{rel}","templated":true}]}}