{"id":50,"date":"2022-01-23T09:32:24","date_gmt":"2022-01-23T06:32:24","guid":{"rendered":"http:\/\/insafepro.com\/?page_id=50"},"modified":"2022-01-27T06:49:10","modified_gmt":"2022-01-27T03:49:10","slug":"kurumsal","status":"publish","type":"page","link":"http:\/\/insafepro.com\/index.php\/kurumsal\/","title":{"rendered":"kurumsal"},"content":{"rendered":"\t\t<div data-elementor-type=\"wp-page\" data-elementor-id=\"50\" class=\"elementor elementor-50\">\n\t\t\t\t\t\t<section class=\"elementor-section elementor-top-section elementor-element elementor-element-8f183d5 elementor-section-content-middle elementor-section-boxed elementor-section-height-default elementor-section-height-default\" data-id=\"8f183d5\" data-element_type=\"section\" data-e-type=\"section\" data-settings=\"{&quot;background_background&quot;:&quot;classic&quot;}\">\n\t\t\t\t\t\t<div class=\"elementor-container elementor-column-gap-no\">\n\t\t\t\t\t<div class=\"elementor-column elementor-col-50 elementor-top-column elementor-element elementor-element-f1297a9\" data-id=\"f1297a9\" data-element_type=\"column\" data-e-type=\"column\">\n\t\t\t<div class=\"elementor-widget-wrap elementor-element-populated\">\n\t\t\t\t\t\t<div class=\"elementor-element elementor-element-188fe4c elementor-widget elementor-widget-image\" data-id=\"188fe4c\" data-element_type=\"widget\" data-e-type=\"widget\" data-widget_type=\"image.default\">\n\t\t\t\t<div class=\"elementor-widget-container\">\n\t\t\t\t\t\t\t\t\t\t\t\t\t\t\t<img fetchpriority=\"high\" decoding=\"async\" width=\"1200\" height=\"800\" src=\"http:\/\/insafepro.com\/wp-content\/uploads\/2022\/01\/slipped-1200x800-1.jpg\" class=\"attachment-full size-full wp-image-313\" alt=\"\" srcset=\"http:\/\/insafepro.com\/wp-content\/uploads\/2022\/01\/slipped-1200x800-1.jpg 1200w, http:\/\/insafepro.com\/wp-content\/uploads\/2022\/01\/slipped-1200x800-1-300x200.jpg 300w, http:\/\/insafepro.com\/wp-content\/uploads\/2022\/01\/slipped-1200x800-1-1024x683.jpg 1024w, http:\/\/insafepro.com\/wp-content\/uploads\/2022\/01\/slipped-1200x800-1-768x512.jpg 768w\" sizes=\"(max-width: 1200px) 100vw, 1200px\" \/>\t\t\t\t\t\t\t\t\t\t\t\t\t\t\t<\/div>\n\t\t\t\t<\/div>\n\t\t\t\t\t<\/div>\n\t\t<\/div>\n\t\t\t\t<div class=\"elementor-column elementor-col-50 elementor-top-column elementor-element elementor-element-7b9f6d2\" data-id=\"7b9f6d2\" data-element_type=\"column\" data-e-type=\"column\">\n\t\t\t<div class=\"elementor-widget-wrap elementor-element-populated\">\n\t\t\t\t\t\t<div class=\"elementor-element elementor-element-beb591b elementor-widget elementor-widget-heading\" data-id=\"beb591b\" data-element_type=\"widget\" data-e-type=\"widget\" data-widget_type=\"heading.default\">\n\t\t\t\t<div class=\"elementor-widget-container\">\n\t\t\t\t\t<h4 class=\"elementor-heading-title elementor-size-default\">Hakk\u0131m\u0131zda<\/h4>\t\t\t\t<\/div>\n\t\t\t\t<\/div>\n\t\t\t\t<div class=\"elementor-element elementor-element-43fecb0 elementor-widget elementor-widget-text-editor\" data-id=\"43fecb0\" data-element_type=\"widget\" data-e-type=\"widget\" data-widget_type=\"text-editor.default\">\n\t\t\t\t<div class=\"elementor-widget-container\">\n\t\t\t\t\t\t\t\t\t<h3><span style=\"font-size: 10.5pt; line-height: 107%; font-family: 'Helvetica',sans-serif; mso-fareast-font-family: Calibri; mso-fareast-theme-font: minor-latin; color: #888888; mso-ansi-language: TR; mso-fareast-language: EN-US; mso-bidi-language: AR-SA;\"><strong>2008 y\u0131l\u0131nda kurulan Hamarat ltd. \u015eti \u0130nsafepro markas\u0131 ile y\u00fczey kayd\u0131rmazl\u0131k ve Spesifik kimyasallar \u00fczerine yo\u011funla\u015fm\u0131\u015f ve uzmanla\u015fm\u0131\u015ft\u0131r. i\u015fyerinizin ve ya\u015fad\u0131\u011f\u0131n\u0131z alan\u0131n m\u00fcmk\u00fcn oldu\u011funca g\u00fcvenli olmas\u0131n\u0131 sa\u011flamak i\u00e7in zeminler, basamaklar ve rampalar i\u00e7in geni\u015f bir yelpazede kaymay\u0131 \u00f6nleyici \u00e7\u00f6z\u00fcmler sunmay\u0131 hedefleyen firmam\u0131z her g\u00fcn de\u011fi\u015fen teknoloji ile geli\u015fen \u00e7\u00f6z\u00fcmleri g\u00fcncel olarak \u00fclkemizde hayata ge\u00e7irmektedir.<\/strong><br \/><!--[endif]--><\/span><\/h3>\t\t\t\t\t\t\t\t<\/div>\n\t\t\t\t<\/div>\n\t\t\t\t<div class=\"elementor-element elementor-element-4bf9416 elementor-align-center elementor-widget elementor-widget-button\" data-id=\"4bf9416\" data-element_type=\"widget\" data-e-type=\"widget\" data-widget_type=\"button.default\">\n\t\t\t\t<div class=\"elementor-widget-container\">\n\t\t\t\t\t\t\t\t\t<div class=\"elementor-button-wrapper\">\n\t\t\t\t\t<a class=\"elementor-button elementor-button-link elementor-size-sm elementor-animation-grow\" href=\"http:\/\/insafepro.com\/index.php\/2022\/01\/23\/hakkimizda\/\">\n\t\t\t\t\t\t<span class=\"elementor-button-content-wrapper\">\n\t\t\t\t\t\t\t\t\t<span class=\"elementor-button-text\">Devam\u0131 i\u00e7in<\/span>\n\t\t\t\t\t<\/span>\n\t\t\t\t\t<\/a>\n\t\t\t\t<\/div>\n\t\t\t\t\t\t\t\t<\/div>\n\t\t\t\t<\/div>\n\t\t\t\t\t<\/div>\n\t\t<\/div>\n\t\t\t\t\t<\/div>\n\t\t<\/section>\n\t\t\t\t<section class=\"elementor-section elementor-top-section elementor-element elementor-element-33c50da4 elementor-section-content-middle elementor-reverse-mobile elementor-section-boxed elementor-section-height-default elementor-section-height-default\" data-id=\"33c50da4\" data-element_type=\"section\" data-e-type=\"section\">\n\t\t\t\t\t\t<div class=\"elementor-container elementor-column-gap-no\">\n\t\t\t\t\t<div class=\"elementor-column elementor-col-50 elementor-top-column elementor-element elementor-element-29189319\" data-id=\"29189319\" data-element_type=\"column\" data-e-type=\"column\">\n\t\t\t<div class=\"elementor-widget-wrap elementor-element-populated\">\n\t\t\t\t\t\t<div class=\"elementor-element elementor-element-41d57785 elementor-widget elementor-widget-heading\" data-id=\"41d57785\" data-element_type=\"widget\" data-e-type=\"widget\" data-widget_type=\"heading.default\">\n\t\t\t\t<div class=\"elementor-widget-container\">\n\t\t\t\t\t<h4 class=\"elementor-heading-title elementor-size-default\">Misyonumuz <\/h4>\t\t\t\t<\/div>\n\t\t\t\t<\/div>\n\t\t\t\t<div class=\"elementor-element elementor-element-3f749a40 elementor-widget elementor-widget-text-editor\" data-id=\"3f749a40\" data-element_type=\"widget\" data-e-type=\"widget\" data-widget_type=\"text-editor.default\">\n\t\t\t\t<div class=\"elementor-widget-container\">\n\t\t\t\t\t\t\t\t\t<h4><strong>\u0130nsafepro markas\u0131 ve kayd\u0131rmaz \u00fcr\u00fcnlerimiz ile D\u00fcnyada geli\u015fen kayd\u0131rmazl\u0131k sekt\u00f6r\u00fcndeki geli\u015fmeleri ayn\u0131 zamanda \u00fclkemizde de sunmak ve\u00a0 &#8220;kalitemizden, teknik destek, \u00fcr\u00fcn g\u00fcvenilirli\u011fi ve i\u015f ahlak\u0131ndan&#8221; \u00f6d\u00fcn vermeden sekt\u00f6re ve \u00fclkemize hizmet etmekt \u00fcr\u00fcn ve hizmet kalitemizi<\/strong><\/h4><h4><strong>s\u00fcrekli geli\u015ftirerek m\u00fc\u015fteri talep ve beklentilerini en \u00fcst seviyede kar\u015f\u0131lamak,G\u00fc\u00e7l\u00fc bir ileti\u015fim ile sekt\u00f6rle aram\u0131zda duygusal bir ba\u011f yaratmak ve m\u00fc\u015fteri sadakatini sa\u011flamakt\u0131r.<\/strong><\/h4>\t\t\t\t\t\t\t\t<\/div>\n\t\t\t\t<\/div>\n\t\t\t\t\t<\/div>\n\t\t<\/div>\n\t\t\t\t<div class=\"elementor-column elementor-col-50 elementor-top-column elementor-element elementor-element-50606e53\" data-id=\"50606e53\" data-element_type=\"column\" data-e-type=\"column\">\n\t\t\t<div class=\"elementor-widget-wrap elementor-element-populated\">\n\t\t\t\t\t\t<div class=\"elementor-element elementor-element-2bd7a9d6 elementor-widget elementor-widget-image\" data-id=\"2bd7a9d6\" data-element_type=\"widget\" data-e-type=\"widget\" data-widget_type=\"image.default\">\n\t\t\t\t<div class=\"elementor-widget-container\">\n\t\t\t\t\t\t\t\t\t\t\t\t\t\t\t<img decoding=\"async\" width=\"408\" height=\"255\" src=\"http:\/\/insafepro.com\/wp-content\/uploads\/2022\/01\/c36820333d9a03bb5dcc6d36856f30a5.jpg\" class=\"attachment-full size-full wp-image-305\" alt=\"\" srcset=\"http:\/\/insafepro.com\/wp-content\/uploads\/2022\/01\/c36820333d9a03bb5dcc6d36856f30a5.jpg 408w, http:\/\/insafepro.com\/wp-content\/uploads\/2022\/01\/c36820333d9a03bb5dcc6d36856f30a5-300x188.jpg 300w\" sizes=\"(max-width: 408px) 100vw, 408px\" \/>\t\t\t\t\t\t\t\t\t\t\t\t\t\t\t<\/div>\n\t\t\t\t<\/div>\n\t\t\t\t\t<\/div>\n\t\t<\/div>\n\t\t\t\t\t<\/div>\n\t\t<\/section>\n\t\t\t\t<section class=\"elementor-section elementor-top-section elementor-element elementor-element-177c870f elementor-section-content-middle elementor-section-boxed elementor-section-height-default elementor-section-height-default\" data-id=\"177c870f\" data-element_type=\"section\" data-e-type=\"section\" data-settings=\"{&quot;background_background&quot;:&quot;classic&quot;}\">\n\t\t\t\t\t\t<div class=\"elementor-container elementor-column-gap-no\">\n\t\t\t\t\t<div class=\"elementor-column elementor-col-50 elementor-top-column elementor-element elementor-element-555a2205\" data-id=\"555a2205\" data-element_type=\"column\" data-e-type=\"column\">\n\t\t\t<div class=\"elementor-widget-wrap elementor-element-populated\">\n\t\t\t\t\t\t<div class=\"elementor-element elementor-element-2dbe126a elementor-widget elementor-widget-image\" data-id=\"2dbe126a\" data-element_type=\"widget\" data-e-type=\"widget\" data-widget_type=\"image.default\">\n\t\t\t\t<div class=\"elementor-widget-container\">\n\t\t\t\t\t\t\t\t\t\t\t\t\t\t\t<img decoding=\"async\" width=\"756\" height=\"504\" src=\"http:\/\/insafepro.com\/wp-content\/uploads\/2022\/01\/About-company-S2-02-768x512.jpg\" class=\"attachment-medium_large size-medium_large wp-image-291\" alt=\"\" srcset=\"http:\/\/insafepro.com\/wp-content\/uploads\/2022\/01\/About-company-S2-02-768x512.jpg 768w, http:\/\/insafepro.com\/wp-content\/uploads\/2022\/01\/About-company-S2-02-300x200.jpg 300w, http:\/\/insafepro.com\/wp-content\/uploads\/2022\/01\/About-company-S2-02.jpg 940w\" sizes=\"(max-width: 756px) 100vw, 756px\" \/>\t\t\t\t\t\t\t\t\t\t\t\t\t\t\t<\/div>\n\t\t\t\t<\/div>\n\t\t\t\t\t<\/div>\n\t\t<\/div>\n\t\t\t\t<div class=\"elementor-column elementor-col-50 elementor-top-column elementor-element elementor-element-78464a45\" data-id=\"78464a45\" data-element_type=\"column\" data-e-type=\"column\">\n\t\t\t<div class=\"elementor-widget-wrap elementor-element-populated\">\n\t\t\t\t\t\t<div class=\"elementor-element elementor-element-422a75c2 elementor-widget elementor-widget-heading\" data-id=\"422a75c2\" data-element_type=\"widget\" data-e-type=\"widget\" data-widget_type=\"heading.default\">\n\t\t\t\t<div class=\"elementor-widget-container\">\n\t\t\t\t\t<h4 class=\"elementor-heading-title elementor-size-default\">Vizyonumuz<\/h4>\t\t\t\t<\/div>\n\t\t\t\t<\/div>\n\t\t\t\t<div class=\"elementor-element elementor-element-5b83a95a elementor-widget elementor-widget-text-editor\" data-id=\"5b83a95a\" data-element_type=\"widget\" data-e-type=\"widget\" data-widget_type=\"text-editor.default\">\n\t\t\t\t<div class=\"elementor-widget-container\">\n\t\t\t\t\t\t\t\t\t<p><strong>\u0130novasyon odakl\u0131 giri\u015fimci ruhumuzdan g\u00fc\u00e7 alan g\u00fcvenilir ekiplerimizle, faaliyet g\u00f6sterdi\u011fimiz\u00a0 alanda dokundu\u011fumuz her hayata de\u011fer katarak\u00a0 ve g\u00fcvenli\u011fini sa\u011flayarak kayd\u0131rmazl\u0131k sekt\u00f6r\u00fcnde pazar lideri olmak.<\/strong><br \/><br \/><\/p>\t\t\t\t\t\t\t\t<\/div>\n\t\t\t\t<\/div>\n\t\t\t\t\t<\/div>\n\t\t<\/div>\n\t\t\t\t\t<\/div>\n\t\t<\/section>\n\t\t\t\t<section class=\"elementor-section elementor-top-section elementor-element elementor-element-7dc8ec2 elementor-section-boxed elementor-section-height-default elementor-section-height-default\" data-id=\"7dc8ec2\" data-element_type=\"section\" data-e-type=\"section\">\n\t\t\t\t\t\t<div class=\"elementor-container elementor-column-gap-default\">\n\t\t\t\t\t<div class=\"elementor-column elementor-col-33 elementor-top-column elementor-element elementor-element-d01c623\" data-id=\"d01c623\" data-element_type=\"column\" data-e-type=\"column\">\n\t\t\t<div class=\"elementor-widget-wrap\">\n\t\t\t\t\t\t\t<\/div>\n\t\t<\/div>\n\t\t\t\t<div class=\"elementor-column elementor-col-66 elementor-top-column elementor-element elementor-element-39cd7d2\" data-id=\"39cd7d2\" data-element_type=\"column\" data-e-type=\"column\">\n\t\t\t<div class=\"elementor-widget-wrap\">\n\t\t\t\t\t\t\t<\/div>\n\t\t<\/div>\n\t\t\t\t\t<\/div>\n\t\t<\/section>\n\t\t\t\t<\/div>\n\t\t","protected":false},"excerpt":{"rendered":"<p>Hakk\u0131m\u0131zda 2008 y\u0131l\u0131nda kurulan Hamarat ltd. \u015eti \u0130nsafepro markas\u0131 ile y\u00fczey kayd\u0131rmazl\u0131k ve Spesifik kimyasallar \u00fczerine yo\u011funla\u015fm\u0131\u015f ve uzmanla\u015fm\u0131\u015ft\u0131r. i\u015fyerinizin ve ya\u015fad\u0131\u011f\u0131n\u0131z alan\u0131n m\u00fcmk\u00fcn oldu\u011funca g\u00fcvenli olmas\u0131n\u0131 sa\u011flamak i\u00e7in zeminler, basamaklar ve rampalar i\u00e7in geni\u015f bir yelpazede kaymay\u0131 \u00f6nleyici \u00e7\u00f6z\u00fcmler sunmay\u0131 hedefleyen firmam\u0131z her g\u00fcn &hellip; <a href=\"http:\/\/insafepro.com\/index.php\/kurumsal\/\" class=\"more-link\"><span>Continue reading<span class=\"screen-reader-text\">kurumsal<\/span><\/span><\/a><\/p>\n","protected":false},"author":1,"featured_media":0,"parent":0,"menu_order":2,"comment_status":"closed","ping_status":"closed","template":"elementor_header_footer","meta":{"_joinchat":[],"footnotes":"","_links_to":"","_links_to_target":""},"class_list":["post-50","page","type-page","status-publish","hentry"],"_links":{"self":[{"href":"http:\/\/insafepro.com\/index.php\/wp-json\/wp\/v2\/pages\/50","targetHints":{"allow":["GET"]}}],"collection":[{"href":"http:\/\/insafepro.com\/index.php\/wp-json\/wp\/v2\/pages"}],"about":[{"href":"http:\/\/insafepro.com\/index.php\/wp-json\/wp\/v2\/types\/page"}],"author":[{"embeddable":true,"href":"http:\/\/insafepro.com\/index.php\/wp-json\/wp\/v2\/users\/1"}],"replies":[{"embeddable":true,"href":"http:\/\/insafepro.com\/index.php\/wp-json\/wp\/v2\/comments?post=50"}],"version-history":[{"count":0,"href":"http:\/\/insafepro.com\/index.php\/wp-json\/wp\/v2\/pages\/50\/revisions"}],"wp:attachment":[{"href":"http:\/\/insafepro.com\/index.php\/wp-json\/wp\/v2\/media?parent=50"}],"curies":[{"name":"wp","href":"https:\/\/api.w.org\/{rel}","templated":true}]}}